{"id":352,"date":"2021-12-11T02:09:37","date_gmt":"2021-12-11T02:09:37","guid":{"rendered":"https:\/\/kinsley-demo.bslthemes.com\/?page_id=352"},"modified":"2025-07-08T17:10:20","modified_gmt":"2025-07-08T22:10:20","slug":"contact","status":"publish","type":"page","link":"https:\/\/villaluamazonecolodge.com\/en\/contact\/","title":{"rendered":"Contact"},"content":{"rendered":"<div data-elementor-type=\"wp-page\" data-elementor-id=\"352\" class=\"elementor elementor-352\" data-elementor-post-type=\"page\">\n\t\t\t\t<div class=\"elementor-element elementor-element-3746616 e-con-full e-flex e-con e-parent\" data-id=\"3746616\" data-element_type=\"container\" data-e-type=\"container\">\n\t\t<div class=\"elementor-element elementor-element-0fd19ab e-con-full e-flex e-con e-child\" data-id=\"0fd19ab\" data-element_type=\"container\" data-e-type=\"container\">\n\t\t<div class=\"elementor-element elementor-element-6277e34 e-con-full e-flex e-con e-child\" data-id=\"6277e34\" data-element_type=\"container\" data-e-type=\"container\">\n\t\t\t\t<div class=\"elementor-element elementor-element-fb30912 elementor-widget elementor-widget-kinsley-intro\" data-id=\"fb30912\" data-element_type=\"widget\" data-e-type=\"widget\" data-widget_type=\"kinsley-intro.default\">\n\t\t\t\t<div class=\"elementor-widget-container\">\n\t\t\t\t\t\n    <!-- banner -->\n    <section class=\"knsl-banner-simple knsl-transition-bottom\">\n      \n\t  \n      <div class=\"container\">\n        <div class=\"row\">\n          <div class=\"col-lg-12\">\n\n            <div class=\"knsl-center knsl-title-frame\">\n                            <h1 class=\"knsl-title--h knsl-mb-20 knsl-h1-inner\">\n                <span >\n                    Contact                <\/span>\n              <\/h1>\n                                          <p class=\"knsl-text knsl-mb-30\">\n                <span >\n                    If you have any questions, special requests, or simply wish to get in touch, feel free to reach out to us.                <\/span>\n              <\/p>\n              \n              \n            <\/div>\n\n          <\/div>\n        <\/div>\n      <\/div>\n    <\/section>\n    <!-- banner end -->\n\n\t\t\t\t\t\t<\/div>\n\t\t\t\t<\/div>\n\t\t\t\t<\/div>\n\t\t\t\t<\/div>\n\t\t\t\t<\/div>\n\t\t<div class=\"elementor-element elementor-element-44227ad e-con-full e-flex e-con e-parent\" data-id=\"44227ad\" data-element_type=\"container\" data-e-type=\"container\">\n\t\t<div class=\"elementor-element elementor-element-5f897d1 e-flex e-con-boxed e-con e-child\" data-id=\"5f897d1\" data-element_type=\"container\" data-e-type=\"container\">\n\t\t\t\t\t<div class=\"e-con-inner\">\n\t\t\t\t<div class=\"elementor-element elementor-element-b3e15b1 elementor-widget elementor-widget-google_maps\" data-id=\"b3e15b1\" data-element_type=\"widget\" data-e-type=\"widget\" data-widget_type=\"google_maps.default\">\n\t\t\t\t<div class=\"elementor-widget-container\">\n\t\t\t\t\t\t\t<div class=\"elementor-custom-embed\">\n\t\t\t<iframe loading=\"lazy\"\n\t\t\t\t\tsrc=\"https:\/\/maps.google.com\/maps?q=Prol.%20Alerta%2C%20Tarapoto%2022202&#038;t=m&#038;z=19&#038;output=embed&#038;iwloc=near\"\n\t\t\t\t\ttitle=\"Prol. Alerta, Tarapoto 22202\"\n\t\t\t\t\taria-label=\"Prol. Alerta, Tarapoto 22202\"\n\t\t\t><\/iframe>\n\t\t<\/div>\n\t\t\t\t\t\t<\/div>\n\t\t\t\t<\/div>\n\t\t\t\t\t<\/div>\n\t\t\t\t<\/div>\n\t\t\t\t<\/div>\n\t\t<div class=\"elementor-element elementor-element-50765ec e-con-full e-flex e-con e-parent\" data-id=\"50765ec\" data-element_type=\"container\" data-e-type=\"container\">\n\t\t<div class=\"elementor-element elementor-element-429905e e-flex e-con-boxed e-con e-child\" data-id=\"429905e\" data-element_type=\"container\" data-e-type=\"container\">\n\t\t\t\t\t<div class=\"e-con-inner\">\n\t\t<div class=\"elementor-element elementor-element-e7b3d36 e-con-full e-flex e-con e-child\" data-id=\"e7b3d36\" data-element_type=\"container\" data-e-type=\"container\">\n\t\t\t\t<div class=\"elementor-element elementor-element-e5675a8 elementor-widget elementor-widget-kinsley-section-heading-two\" data-id=\"e5675a8\" data-element_type=\"widget\" data-e-type=\"widget\" data-widget_type=\"kinsley-section-heading-two.default\">\n\t\t\t\t<div class=\"elementor-widget-container\">\n\t\t\t\t\t\n\t\t\t\t<div class=\"knsl-subtitle-two knsl-mb-20\">\n\t\t\t<span >\n\t\t\t\tCONTACT INFORMATION\t\t\t<\/span>\n\t\t<\/div>\n\t\t\t\t\t\t<h2 class=\"knsl-title-two knsl-mb-30 translation-block\"><span>\n\t\t\t\t We\u2019re at Your <em><strong>Service !<\/strong><\/em>\t\t\t<\/span><\/h2>\n\t\t\t\t\t\t<div class=\"knsl-description-two\">\n\t\t\t<div >\n\t\t\t\tWe are here to assist you and ensure your stay at Villa Lu is exceptional.\nBelow you will find our contact options:\t\t\t<\/div>\n\t\t<\/div>\n\t\t\n\t\t\t\t\t\t<\/div>\n\t\t\t\t<\/div>\n\t\t\t\t<div class=\"elementor-element elementor-element-d55e95a elementor-widget elementor-widget-heading\" data-id=\"d55e95a\" data-element_type=\"widget\" data-e-type=\"widget\" data-widget_type=\"heading.default\">\n\t\t\t\t<div class=\"elementor-widget-container\">\n\t\t\t\t\t<h4 class=\"elementor-heading-title elementor-size-default\">Address:<\/h4>\t\t\t\t<\/div>\n\t\t\t\t<\/div>\n\t\t\t\t<div class=\"elementor-element elementor-element-f6e2c78 elementor-widget elementor-widget-text-editor\" data-id=\"f6e2c78\" data-element_type=\"widget\" data-e-type=\"widget\" data-widget_type=\"text-editor.default\">\n\t\t\t\t<div class=\"elementor-widget-container\">\n\t\t\t\t\t\t\t\t\t<div class=\"w-iconbox iconpos_left style_circle color_primary align_left no_text\"><div class=\"w-iconbox-meta\"><h4 class=\"w-iconbox-title\">Prol. Alerta s\/n , Tarapoto- Per\u00fa<\/h4><\/div><\/div>\t\t\t\t\t\t\t\t<\/div>\n\t\t\t\t<\/div>\n\t\t\t\t<div class=\"elementor-element elementor-element-532266e elementor-widget elementor-widget-heading\" data-id=\"532266e\" data-element_type=\"widget\" data-e-type=\"widget\" data-widget_type=\"heading.default\">\n\t\t\t\t<div class=\"elementor-widget-container\">\n\t\t\t\t\t<h4 class=\"elementor-heading-title elementor-size-default\">Contact information<\/h4>\t\t\t\t<\/div>\n\t\t\t\t<\/div>\n\t\t\t\t<div class=\"elementor-element elementor-element-d5682ce elementor-widget elementor-widget-text-editor\" data-id=\"d5682ce\" data-element_type=\"widget\" data-e-type=\"widget\" data-widget_type=\"text-editor.default\">\n\t\t\t\t<div class=\"elementor-widget-container\">\n\t\t\t\t\t\t\t\t\t<div class=\"w-iconbox iconpos_left style_outlined color_primary align_left no_text\"><div class=\"w-iconbox-meta\"><h4 class=\"w-iconbox-title\">+51 <a href=\"http:\/\/Tel:999907053\" data-wplink-url-error=\"true\">999 907 053<\/a><br \/>+51 900 774 206<br \/>+ 51 996 600 293<\/h4><\/div><\/div>\t\t\t\t\t\t\t\t<\/div>\n\t\t\t\t<\/div>\n\t\t\t\t<div class=\"elementor-element elementor-element-dede831 elementor-widget elementor-widget-heading\" data-id=\"dede831\" data-element_type=\"widget\" data-e-type=\"widget\" data-widget_type=\"heading.default\">\n\t\t\t\t<div class=\"elementor-widget-container\">\n\t\t\t\t\t<h4 class=\"elementor-heading-title elementor-size-default\">Gmail:<\/h4>\t\t\t\t<\/div>\n\t\t\t\t<\/div>\n\t\t\t\t<div class=\"elementor-element elementor-element-67fc37c elementor-widget elementor-widget-text-editor\" data-id=\"67fc37c\" data-element_type=\"widget\" data-e-type=\"widget\" data-widget_type=\"text-editor.default\">\n\t\t\t\t<div class=\"elementor-widget-container\">\n\t\t\t\t\t\t\t\t\t<h4 class=\"w-iconbox-title\"><a href=\"mailto:Corp.uchurco@gmail.com\">corp.uchurco@gmail.com<\/a><\/h4>\t\t\t\t\t\t\t\t<\/div>\n\t\t\t\t<\/div>\n\t\t\t\t<\/div>\n\t\t<div class=\"elementor-element elementor-element-ea9eb2d e-con-full e-flex e-con e-child\" data-id=\"ea9eb2d\" data-element_type=\"container\" data-e-type=\"container\">\n\t\t\t\t<\/div>\n\t\t<div class=\"elementor-element elementor-element-95688d5 e-con-full e-flex e-con e-child\" data-id=\"95688d5\" data-element_type=\"container\" data-e-type=\"container\">\n\t\t\t\t<div class=\"elementor-element elementor-element-68f2322 elementor-widget elementor-widget-image\" data-id=\"68f2322\" data-element_type=\"widget\" data-e-type=\"widget\" data-widget_type=\"image.default\">\n\t\t\t\t<div class=\"elementor-widget-container\">\n\t\t\t\t\t\t\t\t\t\t\t\t\t\t\t<img decoding=\"async\" src=\"https:\/\/villaluamazonecolodge.com\/wp-content\/uploads\/elementor\/thumbs\/363539306-qu7gqtagza3vr4udur0bkzpejx2h38txrgpw3kbi8g.webp\" title=\"363539306\" alt=\"363539306\" loading=\"lazy\" \/>\t\t\t\t\t\t\t\t\t\t\t\t\t\t\t<\/div>\n\t\t\t\t<\/div>\n\t\t\t\t<\/div>\n\t\t\t\t\t<\/div>\n\t\t\t\t<\/div>\n\t\t\t\t<\/div>\n\t\t<div class=\"elementor-element elementor-element-91e8dbd e-con-full e-flex e-con e-parent\" data-id=\"91e8dbd\" data-element_type=\"container\" data-e-type=\"container\">\n\t\t<div class=\"elementor-element elementor-element-23a91ae e-con-full e-flex e-con e-child\" data-id=\"23a91ae\" data-element_type=\"container\" data-e-type=\"container\" data-settings=\"{&quot;background_background&quot;:&quot;classic&quot;}\">\n\t\t<div class=\"elementor-element elementor-element-aef026c e-con-full e-flex e-con e-child\" data-id=\"aef026c\" data-element_type=\"container\" data-e-type=\"container\">\n\t\t\t\t<div class=\"elementor-element elementor-element-d6cf90b elementor-widget elementor-widget-kinsley-section-heading-two\" data-id=\"d6cf90b\" data-element_type=\"widget\" data-e-type=\"widget\" data-widget_type=\"kinsley-section-heading-two.default\">\n\t\t\t\t<div class=\"elementor-widget-container\">\n\t\t\t\t\t\n\t\t\t\t<div class=\"knsl-subtitle-two knsl-mb-20\">\n\t\t\t<span >\n\t\t\t\tContact Form\t\t\t<\/span>\n\t\t<\/div>\n\t\t\t\t\t\t<h2 class=\"knsl-title-two knsl-mb-30\">\n\t\t\t<span >\n\t\t\t\tHow would you prefer us to contact you? *\t\t\t<\/span>\n\t\t<\/h2>\n\t\t\t\t\n\t\t\t\t\t\t<\/div>\n\t\t\t\t<\/div>\n\t\t\t\t<\/div>\n\t\t<div class=\"elementor-element elementor-element-dffe574 e-con-full e-flex e-con e-child\" data-id=\"dffe574\" data-element_type=\"container\" data-e-type=\"container\">\n\t\t\t\t<div class=\"elementor-element elementor-element-a68f6b5 elementor-widget elementor-widget-shortcode\" data-id=\"a68f6b5\" data-element_type=\"widget\" data-e-type=\"widget\" data-widget_type=\"shortcode.default\">\n\t\t\t\t<div class=\"elementor-widget-container\">\n\t\t\t\t\t\t\t<div class=\"elementor-shortcode\">\n<div class=\"wpcf7 no-js\" id=\"wpcf7-f384-o1\" lang=\"en-US\" dir=\"ltr\" data-wpcf7-id=\"384\">\n<div class=\"screen-reader-response\"><p role=\"status\" aria-live=\"polite\" aria-atomic=\"true\"><\/p> <ul><\/ul><\/div>\n<form action=\"\/en\/wp-json\/wp\/v2\/pages\/352#wpcf7-f384-o1\" method=\"post\" class=\"wpcf7-form init\" aria-label=\"Contact form\" novalidate=\"novalidate\" data-status=\"init\" data-trp-original-action=\"\/en\/wp-json\/wp\/v2\/pages\/352#wpcf7-f384-o1\">\n<fieldset class=\"hidden-fields-container\"><input type=\"hidden\" name=\"_wpcf7\" value=\"384\" \/><input type=\"hidden\" name=\"_wpcf7_version\" value=\"6.1.5\" \/><input type=\"hidden\" name=\"_wpcf7_locale\" value=\"en_US\" \/><input type=\"hidden\" name=\"_wpcf7_unit_tag\" value=\"wpcf7-f384-o1\" \/><input type=\"hidden\" name=\"_wpcf7_container_post\" value=\"0\" \/><input type=\"hidden\" name=\"_wpcf7_posted_data_hash\" value=\"\" \/>\n<\/fieldset>\n<div class=\"row\">\n  <div class=\"col-lg-6 knsl-mb-10\">\n    <label class=\"knsl-two-label\">Name<strong>*<\/strong><\/label>\n    <span class=\"wpcf7-form-control-wrap\" data-name=\"cf-name\"><input size=\"40\" maxlength=\"400\" class=\"wpcf7-form-control wpcf7-text wpcf7-validates-as-required\" aria-required=\"true\" aria-invalid=\"false\" placeholder=\"Name\" value=\"\" type=\"text\" name=\"cf-name\" \/><\/span>\n  <\/div>\n  <div class=\"col-lg-6 knsl-mb-10\">\n    <label class=\"knsl-two-label\">E-mail <strong>*<\/strong><\/label>\n    <span class=\"wpcf7-form-control-wrap\" data-name=\"cf-email\"><input size=\"40\" maxlength=\"400\" class=\"wpcf7-form-control wpcf7-email wpcf7-validates-as-required wpcf7-text wpcf7-validates-as-email\" aria-required=\"true\" aria-invalid=\"false\" placeholder=\"Email\" value=\"\" type=\"email\" name=\"cf-email\" \/><\/span>\n  <\/div>\n  <div class=\"col-lg-12 knsl-mb-10\">\n    <label class=\"knsl-two-label\">Phone Number <strong>*<\/strong><\/label>\n    <span class=\"wpcf7-form-control-wrap\" data-name=\"cf-phone\"><input size=\"40\" maxlength=\"400\" class=\"wpcf7-form-control wpcf7-tel wpcf7-validates-as-required wpcf7-text wpcf7-validates-as-tel\" aria-required=\"true\" aria-invalid=\"false\" placeholder=\"Phone\" value=\"\" type=\"tel\" name=\"cf-phone\" \/><\/span>\n  <\/div>\n  <div class=\"col-lg-12 knsl-mb-30\">\n    <label class=\"knsl-two-label\">\u00bfComo prefiere que lo contact\u00e9mos? <strong>*<\/strong><\/label>\n    <span class=\"wpcf7-form-control-wrap\" data-name=\"cf-radio-contact\"><span class=\"wpcf7-form-control wpcf7-radio knsl-two-radio\"><span class=\"wpcf7-list-item first\"><label><input type=\"radio\" name=\"cf-radio-contact\" value=\"Email\" checked=\"checked\" \/><span class=\"wpcf7-list-item-label\">Email<\/span><\/label><\/span><span class=\"wpcf7-list-item last\"><label><input type=\"radio\" name=\"cf-radio-contact\" value=\"Tel\u00e9fono\" \/><span class=\"wpcf7-list-item-label\">Phone Number<\/span><\/label><\/span><\/span><\/span>\n  <\/div>\n  <div class=\"col-lg-12 knsl-mb-10\">\n    <label class=\"knsl-two-label\">Message <strong>*<\/strong><\/label>\n    <span class=\"wpcf7-form-control-wrap\" data-name=\"cf-message\"><textarea cols=\"40\" rows=\"10\" maxlength=\"2000\" class=\"wpcf7-form-control wpcf7-textarea wpcf7-validates-as-required\" aria-required=\"true\" aria-invalid=\"false\" placeholder=\"Message\" name=\"cf-message\"><\/textarea><\/span>\n  <\/div>\n  <div class=\"col-lg-12 knsl-mb-40\">\n    <span class=\"wpcf7-form-control-wrap\" data-name=\"cf-checkbox-confirm\"><span class=\"wpcf7-form-control wpcf7-checkbox wpcf7-validates-as-required knsl-two-checkbox\"><span class=\"wpcf7-list-item first last\"><label><input type=\"checkbox\" name=\"cf-checkbox-confirm[]\" value=\"Acepto que mi informaci\u00f3n personal se procesar\u00e1 de acuerdo con nuestra Pol\u00edtica de Privacidad.\" \/><span class=\"wpcf7-list-item-label\">I agree that my personal information will be processed in accordance with our Privacy Policy.<\/span><\/label><\/span><\/span><\/span>\n  <\/div>\n  <div class=\"col-lg-12\">\n    <button type=\"submit\" class=\"knsl-btn\">Send Message<\/button>\n  <\/div>\n<\/div><div class=\"wpcf7-response-output\" aria-hidden=\"true\"><\/div>\n<input type=\"hidden\" name=\"trp-form-language\" value=\"en\"\/><\/form>\n<\/div>\n<\/div>\n\t\t\t\t\t\t<\/div>\n\t\t\t\t<\/div>\n\t\t\t\t<\/div>\n\t\t\t\t<\/div>\n\t\t\t\t<\/div>\n\t\t\t\t<\/div>","protected":false},"excerpt":{"rendered":"<p>Cont\u00e1ctenos Si tiene alguna pregunta, solicitud especial o simplemente desea contactarnos, no dude en hacerlo. INFORMACI\u00d3N DEL CONTACTO Estamos a&#8230; <span class=\"knsl-el-more\"><a href=\"https:\/\/villaluamazonecolodge.com\/en\/contact\/\" class=\"knsl-btn\">Read more<span class=\"screen-reader-text\">Read more&nbsp;Cont\u00e1ctenos<\/span><\/a><\/span><\/p>","protected":false},"author":1,"featured_media":0,"parent":0,"menu_order":0,"comment_status":"closed","ping_status":"closed","template":"template-layout-builder.php","meta":{"_acf_changed":false,"footnotes":""},"class_list":["post-352","page","type-page","status-publish","hentry"],"acf":[],"_links":{"self":[{"href":"https:\/\/villaluamazonecolodge.com\/en\/wp-json\/wp\/v2\/pages\/352","targetHints":{"allow":["GET"]}}],"collection":[{"href":"https:\/\/villaluamazonecolodge.com\/en\/wp-json\/wp\/v2\/pages"}],"about":[{"href":"https:\/\/villaluamazonecolodge.com\/en\/wp-json\/wp\/v2\/types\/page"}],"author":[{"embeddable":true,"href":"https:\/\/villaluamazonecolodge.com\/en\/wp-json\/wp\/v2\/users\/1"}],"replies":[{"embeddable":true,"href":"https:\/\/villaluamazonecolodge.com\/en\/wp-json\/wp\/v2\/comments?post=352"}],"version-history":[{"count":19,"href":"https:\/\/villaluamazonecolodge.com\/en\/wp-json\/wp\/v2\/pages\/352\/revisions"}],"predecessor-version":[{"id":11248,"href":"https:\/\/villaluamazonecolodge.com\/en\/wp-json\/wp\/v2\/pages\/352\/revisions\/11248"}],"wp:attachment":[{"href":"https:\/\/villaluamazonecolodge.com\/en\/wp-json\/wp\/v2\/media?parent=352"}],"curies":[{"name":"wp","href":"https:\/\/api.w.org\/{rel}","templated":true}]}}